{"id":4968,"date":"2021-06-17T11:44:32","date_gmt":"2021-06-17T09:44:32","guid":{"rendered":"https:\/\/andresolivares.es\/?page_id=4968"},"modified":"2025-09-18T12:59:01","modified_gmt":"2025-09-18T10:59:01","slug":"bandejas","status":"publish","type":"page","link":"https:\/\/www.andresolivares.es\/pt-pt\/bandejas\/","title":{"rendered":"Bandejas"},"content":{"rendered":"<div id=\"section-66602a4e9144a\" class=\"tag-a18723f9e951a17a0e3389ef89837b2c shortcode shortcode-section etdukandari_etcodes_section          \">\n<div class=\"container\">\n<div class=\"row \">\n<div class=\"tag-85578d30f1b3e14e3e2eb9c1de0dfc55 shortcode shortcode-column col-md-12            \">\n<div class=\"fw-divider-space\" style=\"padding-top: 50px\"><\/div>\n<\/div>\n<div class=\"tag-85578d30f1b3e14e3e2eb9c1de0dfc55 shortcode shortcode-column col-md-12            \">\n<div class=\"shortcode shortcode-text-block tag-c02dae39335834f9ef5eec845ddd6ab8           \">\n<h1 style=\"text-align: center\"><strong>Bandejas<\/strong><\/h1>\n<\/p><\/div>\n<\/div>\n<div class=\"tag-85578d30f1b3e14e3e2eb9c1de0dfc55 shortcode shortcode-column col-md-12            \">\n<div class=\"shortcode shortcode-text-block tag-353f9deb18ba52ca22937ef84a3df246           \">\n<p style=\"text-align: center\">Podemos grabar lo que quieras en la bandeja, una dedicatoria, un poema, una frase de pel\u00edcula&#8230;<\/p>\n<\/p><\/div>\n<\/div>\n<div class=\"tag-85578d30f1b3e14e3e2eb9c1de0dfc55 shortcode shortcode-column col-md-12            \">\n<div class=\"fw-divider-space\" style=\"padding-top: 50px\"><\/div>\n<\/div>\n<div class=\"tag-85578d30f1b3e14e3e2eb9c1de0dfc55 shortcode shortcode-column col-md-12            \">\n<div class=\"shortcode shortcode-text-block tag-75ed218e9ab85709b1fbef67dfcd811a           \">\n<div class=\"woocommerce columns-3 \">\n<ul class=\"products columns-3\">\n<li class=\"col-md-4 col-sm-6 product type-product post-3523 status-publish first instock product_cat-bandejas product_tag-aluminio product_tag-asas product_tag-bandeja product_tag-bronce has-post-thumbnail shipping-taxable purchasable product-type-simple\">\n\t<a href=\"https:\/\/andresolivares.es\/producto\/bandeja-bronce-y-aluminio-con-asas\/\" class=\"woocommerce-LoopProduct-link woocommerce-loop-product__link\"><img decoding=\"async\" width=\"450\" height=\"378\" src=\"http:\/\/andresolivares.es\/wp-content\/uploads\/2023\/01\/bandeja-aluminio-bronce-asas-450x378.jpg\" class=\"attachment-woocommerce_thumbnail size-woocommerce_thumbnail\" alt=\"\" loading=\"lazy\" \/><\/p>\n<h2 class=\"woocommerce-loop-product__title\">Bandeja Bronce y Aluminio con asas<\/h2>\n<p>\t<span class=\"price\"><span class=\"woocommerce-Price-amount amount\"><span class=\"woocommerce-Price-currencySymbol\">&euro;<\/span>0.01<\/span><\/span><br \/>\n<\/a><a href=\"?add-to-cart=3523\" data-quantity=\"1\" class=\"button product_type_simple add_to_cart_button ajax_add_to_cart\" data-product_id=\"3523\" data-product_sku=\"\" aria-label=\"A\u00f1adir al carrito: &ldquo;Bandeja Bronce y Aluminio con asas&rdquo;\" aria-describedby=\"\" rel=\"nofollow\">A\u00f1adir al carrito<\/a><\/li>\n<li class=\"col-md-4 col-sm-6 product type-product post-2563 status-publish instock product_cat-bandejas product_tag-aluminio product_tag-bandeja product_tag-bronce product_tag-cordon has-post-thumbnail shipping-taxable purchasable product-type-simple\">\n\t<a href=\"https:\/\/andresolivares.es\/producto\/bandeja-bronce-y-aluminio-cordon\/\" class=\"woocommerce-LoopProduct-link woocommerce-loop-product__link\"><img decoding=\"async\" width=\"450\" height=\"378\" src=\"http:\/\/andresolivares.es\/wp-content\/uploads\/2021\/05\/bandeja-bronce-y-aluminio-cordon-450x378.jpg\" class=\"attachment-woocommerce_thumbnail size-woocommerce_thumbnail\" alt=\"Bandeja de Bronce y Aluminio bordes\" loading=\"lazy\" \/><\/p>\n<h2 class=\"woocommerce-loop-product__title\">Bandeja Bronce y Aluminio Cord\u00f3n<\/h2>\n<p>\t<span class=\"price\"><span class=\"woocommerce-Price-amount amount\"><span class=\"woocommerce-Price-currencySymbol\">&euro;<\/span>0.01<\/span><\/span><br \/>\n<\/a><a href=\"?add-to-cart=2563\" data-quantity=\"1\" class=\"button product_type_simple add_to_cart_button ajax_add_to_cart\" data-product_id=\"2563\" data-product_sku=\"\" aria-label=\"A\u00f1adir al carrito: &ldquo;Bandeja Bronce y Aluminio Cord\u00f3n&rdquo;\" aria-describedby=\"\" rel=\"nofollow\">A\u00f1adir al carrito<\/a><\/li>\n<li class=\"col-md-4 col-sm-6 product type-product post-2562 status-publish last instock product_cat-bandejas product_tag-aluminio product_tag-arrugada product_tag-bandeja product_tag-bronce has-post-thumbnail shipping-taxable purchasable product-type-simple\">\n\t<a href=\"https:\/\/andresolivares.es\/producto\/bandeja-bronce-aluminio-arrugada\/\" class=\"woocommerce-LoopProduct-link woocommerce-loop-product__link\"><img decoding=\"async\" width=\"450\" height=\"378\" src=\"http:\/\/andresolivares.es\/wp-content\/uploads\/2021\/05\/bandeja-bronce-y-aluminio-arrugada-450x378.jpg\" class=\"attachment-woocommerce_thumbnail size-woocommerce_thumbnail\" alt=\"Bandeja de Bronce y Aluminio Arrugada\" loading=\"lazy\" \/><\/p>\n<h2 class=\"woocommerce-loop-product__title\">Bandeja Bronce y Aluminio Arrugada<\/h2>\n<p>\t<span class=\"price\"><span class=\"woocommerce-Price-amount amount\"><span class=\"woocommerce-Price-currencySymbol\">&euro;<\/span>0.01<\/span><\/span><br \/>\n<\/a><a href=\"?add-to-cart=2562\" data-quantity=\"1\" class=\"button product_type_simple add_to_cart_button ajax_add_to_cart\" data-product_id=\"2562\" data-product_sku=\"\" aria-label=\"A\u00f1adir al carrito: &ldquo;Bandeja Bronce y Aluminio Arrugada&rdquo;\" aria-describedby=\"\" rel=\"nofollow\">A\u00f1adir al carrito<\/a><\/li>\n<li class=\"col-md-4 col-sm-6 product type-product post-2560 status-publish first instock product_cat-bandejas product_tag-bandeja product_tag-cuadrada product_tag-laton has-post-thumbnail shipping-taxable purchasable product-type-simple\">\n\t<a href=\"https:\/\/andresolivares.es\/producto\/bandeja-cuadrada-laton\/\" class=\"woocommerce-LoopProduct-link woocommerce-loop-product__link\"><img decoding=\"async\" width=\"450\" height=\"378\" src=\"http:\/\/andresolivares.es\/wp-content\/uploads\/2021\/05\/bandeja-cuadrada-laton-450x378.jpg\" class=\"attachment-woocommerce_thumbnail size-woocommerce_thumbnail\" alt=\"Bandeja Cuadrada de Lat\u00f3n\" loading=\"lazy\" \/><\/p>\n<h2 class=\"woocommerce-loop-product__title\">Bandeja Cuadrada Lat\u00f3n<\/h2>\n<p>\t<span class=\"price\"><span class=\"woocommerce-Price-amount amount\"><span class=\"woocommerce-Price-currencySymbol\">&euro;<\/span>0.01<\/span><\/span><br \/>\n<\/a><a href=\"?add-to-cart=2560\" data-quantity=\"1\" class=\"button product_type_simple add_to_cart_button ajax_add_to_cart\" data-product_id=\"2560\" data-product_sku=\"\" aria-label=\"A\u00f1adir al carrito: &ldquo;Bandeja Cuadrada Lat\u00f3n&rdquo;\" aria-describedby=\"\" rel=\"nofollow\">A\u00f1adir al carrito<\/a><\/li>\n<li class=\"col-md-4 col-sm-6 product type-product post-2553 status-publish instock product_cat-bandejas product_tag-bandeja product_tag-laton product_tag-ovalada has-post-thumbnail shipping-taxable purchasable product-type-simple\">\n\t<a href=\"https:\/\/andresolivares.es\/producto\/bandeja-ovalada-laton\/\" class=\"woocommerce-LoopProduct-link woocommerce-loop-product__link\"><img decoding=\"async\" width=\"450\" height=\"378\" src=\"http:\/\/andresolivares.es\/wp-content\/uploads\/2021\/05\/bandeja-laton-ovalada-450x378.jpg\" class=\"attachment-woocommerce_thumbnail size-woocommerce_thumbnail\" alt=\"Bandeja de Lat\u00f3n Ovalada\" loading=\"lazy\" \/><\/p>\n<h2 class=\"woocommerce-loop-product__title\">Bandeja Ovalada Lat\u00f3n<\/h2>\n<p>\t<span class=\"price\"><span class=\"woocommerce-Price-amount amount\"><span class=\"woocommerce-Price-currencySymbol\">&euro;<\/span>0.01<\/span><\/span><br \/>\n<\/a><a href=\"?add-to-cart=2553\" data-quantity=\"1\" class=\"button product_type_simple add_to_cart_button ajax_add_to_cart\" data-product_id=\"2553\" data-product_sku=\"\" aria-label=\"A\u00f1adir al carrito: &ldquo;Bandeja Ovalada Lat\u00f3n&rdquo;\" aria-describedby=\"\" rel=\"nofollow\">A\u00f1adir al carrito<\/a><\/li>\n<\/ul>\n<\/div>\n<\/p><\/div>\n<\/div>\n<div class=\"tag-85578d30f1b3e14e3e2eb9c1de0dfc55 shortcode shortcode-column col-md-12            \">\n<div class=\"fw-divider-space\" style=\"padding-top: 50px\"><\/div>\n<\/div><\/div>\n<\/p><\/div>\n<\/div>\n<p><!-- 10011a09c95d888a3806f5b5f8c38893 --><\/p>\n","protected":false},"excerpt":{"rendered":"<p>Bandejas Podemos grabar lo que quieras en la bandeja, una dedicatoria, un poema, una frase de pel\u00edcula&#8230; Bandeja Bronce y Aluminio con asas &euro;0.01 A\u00f1adir al carrito Bandeja Bronce y Aluminio Cord\u00f3n &euro;0.01 A\u00f1adir al carrito Bandeja Bronce y Aluminio Arrugada &euro;0.01 A\u00f1adir al carrito Bandeja Cuadrada Lat\u00f3n &euro;0.01 A\u00f1adir al carrito Bandeja Ovalada Lat\u00f3n [&hellip;]<\/p>\n","protected":false},"author":1,"featured_media":4563,"parent":0,"menu_order":0,"comment_status":"closed","ping_status":"closed","template":"visual-builder-template.php","meta":{"_acf_changed":false,"footnotes":""},"class_list":["post-4968","page","type-page","status-publish","has-post-thumbnail","hentry"],"acf":[],"yoast_head":"<!-- This site is optimized with the Yoast SEO Premium plugin v21.7 (Yoast SEO v21.8.1) - https:\/\/yoast.com\/wordpress\/plugins\/seo\/ -->\n<title>Bandejas &#8226; Andr\u00e9s Olivares<\/title>\n<meta name=\"robots\" content=\"index, follow, max-snippet:-1, max-image-preview:large, max-video-preview:-1\" \/>\n<link rel=\"canonical\" href=\"https:\/\/www.andresolivares.es\/bandejas-personalizadas-malaga-borrar2-borrar\/\" \/>\n<meta property=\"og:locale\" content=\"pt_PT\" \/>\n<meta property=\"og:type\" content=\"article\" \/>\n<meta property=\"og:title\" content=\"Bandejas\" \/>\n<meta property=\"og:description\" content=\"Bandejas Podemos grabar lo que quieras en la bandeja, una dedicatoria, un poema, una frase de pel\u00edcula&#8230; Bandeja Bronce y Aluminio con asas &euro;0.01 A\u00f1adir al carrito Bandeja Bronce y Aluminio Cord\u00f3n &euro;0.01 A\u00f1adir al carrito Bandeja Bronce y Aluminio Arrugada &euro;0.01 A\u00f1adir al carrito Bandeja Cuadrada Lat\u00f3n &euro;0.01 A\u00f1adir al carrito Bandeja Ovalada Lat\u00f3n [&hellip;]\" \/>\n<meta property=\"og:url\" content=\"https:\/\/www.andresolivares.es\/bandejas-personalizadas-malaga-borrar2-borrar\/\" \/>\n<meta property=\"og:site_name\" content=\"Andr\u00e9s Olivares\" \/>\n<meta property=\"article:publisher\" content=\"https:\/\/www.facebook.com\/TROFEOSANDRESOLIVARES\/\" \/>\n<meta property=\"article:modified_time\" content=\"2025-09-18T10:59:01+00:00\" \/>\n<meta property=\"og:image\" content=\"https:\/\/www.andresolivares.es\/wp-content\/uploads\/2021\/11\/imagen-destacada-bandejas.jpg\" \/>\n\t<meta property=\"og:image:width\" content=\"1200\" \/>\n\t<meta property=\"og:image:height\" content=\"628\" \/>\n\t<meta property=\"og:image:type\" content=\"image\/jpeg\" \/>\n<meta name=\"twitter:card\" content=\"summary_large_image\" \/>\n<script type=\"application\/ld+json\" class=\"yoast-schema-graph\">{\"@context\":\"https:\/\/schema.org\",\"@graph\":[{\"@type\":\"WebPage\",\"@id\":\"https:\/\/www.andresolivares.es\/bandejas-personalizadas-malaga-borrar2-borrar\/\",\"url\":\"https:\/\/www.andresolivares.es\/bandejas-personalizadas-malaga-borrar2-borrar\/\",\"name\":\"Bandejas &#8226; Andr\u00e9s Olivares\",\"isPartOf\":{\"@id\":\"https:\/\/www.andresolivares.es\/#website\"},\"datePublished\":\"2021-06-17T09:44:32+00:00\",\"dateModified\":\"2025-09-18T10:59:01+00:00\",\"breadcrumb\":{\"@id\":\"https:\/\/www.andresolivares.es\/bandejas-personalizadas-malaga-borrar2-borrar\/#breadcrumb\"},\"inLanguage\":\"pt-PT\",\"potentialAction\":[{\"@type\":\"ReadAction\",\"target\":[\"https:\/\/www.andresolivares.es\/bandejas-personalizadas-malaga-borrar2-borrar\/\"]}]},{\"@type\":\"BreadcrumbList\",\"@id\":\"https:\/\/www.andresolivares.es\/bandejas-personalizadas-malaga-borrar2-borrar\/#breadcrumb\",\"itemListElement\":[{\"@type\":\"ListItem\",\"position\":1,\"name\":\"Home\",\"item\":\"https:\/\/www.andresolivares.es\/\"},{\"@type\":\"ListItem\",\"position\":2,\"name\":\"Bandejas\"}]},{\"@type\":\"WebSite\",\"@id\":\"https:\/\/www.andresolivares.es\/#website\",\"url\":\"https:\/\/www.andresolivares.es\/\",\"name\":\"Andr\u00e9s Olivares\",\"description\":\"Trofeos, grabados y regalos de empresa en M\u00e1laga\",\"publisher\":{\"@id\":\"https:\/\/www.andresolivares.es\/#organization\"},\"potentialAction\":[{\"@type\":\"SearchAction\",\"target\":{\"@type\":\"EntryPoint\",\"urlTemplate\":\"https:\/\/www.andresolivares.es\/?s={search_term_string}\"},\"query-input\":\"required name=search_term_string\"}],\"inLanguage\":\"pt-PT\"},{\"@type\":\"Organization\",\"@id\":\"https:\/\/www.andresolivares.es\/#organization\",\"name\":\"Trofeos, Grabados y Regalos de Empresa en M\u00e1laga\",\"url\":\"https:\/\/www.andresolivares.es\/\",\"logo\":{\"@type\":\"ImageObject\",\"inLanguage\":\"pt-PT\",\"@id\":\"https:\/\/www.andresolivares.es\/#\/schema\/logo\/image\/\",\"url\":\"https:\/\/andresolivares.es\/wp-content\/uploads\/2021\/04\/logo-andres-olivares.png\",\"contentUrl\":\"https:\/\/andresolivares.es\/wp-content\/uploads\/2021\/04\/logo-andres-olivares.png\",\"width\":164,\"height\":121,\"caption\":\"Trofeos, Grabados y Regalos de Empresa en M\u00e1laga\"},\"image\":{\"@id\":\"https:\/\/www.andresolivares.es\/#\/schema\/logo\/image\/\"},\"sameAs\":[\"https:\/\/www.facebook.com\/TROFEOSANDRESOLIVARES\/\",\"https:\/\/www.instagram.com\/andresolivarestrofeos\/\"]}]}<\/script>\n<!-- \/ Yoast SEO Premium plugin. -->","yoast_head_json":{"title":"Bandejas &#8226; Andr\u00e9s Olivares","robots":{"index":"index","follow":"follow","max-snippet":"max-snippet:-1","max-image-preview":"max-image-preview:large","max-video-preview":"max-video-preview:-1"},"canonical":"https:\/\/www.andresolivares.es\/bandejas-personalizadas-malaga-borrar2-borrar\/","og_locale":"pt_PT","og_type":"article","og_title":"Bandejas","og_description":"Bandejas Podemos grabar lo que quieras en la bandeja, una dedicatoria, un poema, una frase de pel\u00edcula&#8230; Bandeja Bronce y Aluminio con asas &euro;0.01 A\u00f1adir al carrito Bandeja Bronce y Aluminio Cord\u00f3n &euro;0.01 A\u00f1adir al carrito Bandeja Bronce y Aluminio Arrugada &euro;0.01 A\u00f1adir al carrito Bandeja Cuadrada Lat\u00f3n &euro;0.01 A\u00f1adir al carrito Bandeja Ovalada Lat\u00f3n [&hellip;]","og_url":"https:\/\/www.andresolivares.es\/bandejas-personalizadas-malaga-borrar2-borrar\/","og_site_name":"Andr\u00e9s Olivares","article_publisher":"https:\/\/www.facebook.com\/TROFEOSANDRESOLIVARES\/","article_modified_time":"2025-09-18T10:59:01+00:00","og_image":[{"width":1200,"height":628,"url":"https:\/\/www.andresolivares.es\/wp-content\/uploads\/2021\/11\/imagen-destacada-bandejas.jpg","type":"image\/jpeg"}],"twitter_card":"summary_large_image","schema":{"@context":"https:\/\/schema.org","@graph":[{"@type":"WebPage","@id":"https:\/\/www.andresolivares.es\/bandejas-personalizadas-malaga-borrar2-borrar\/","url":"https:\/\/www.andresolivares.es\/bandejas-personalizadas-malaga-borrar2-borrar\/","name":"Bandejas &#8226; Andr\u00e9s Olivares","isPartOf":{"@id":"https:\/\/www.andresolivares.es\/#website"},"datePublished":"2021-06-17T09:44:32+00:00","dateModified":"2025-09-18T10:59:01+00:00","breadcrumb":{"@id":"https:\/\/www.andresolivares.es\/bandejas-personalizadas-malaga-borrar2-borrar\/#breadcrumb"},"inLanguage":"pt-PT","potentialAction":[{"@type":"ReadAction","target":["https:\/\/www.andresolivares.es\/bandejas-personalizadas-malaga-borrar2-borrar\/"]}]},{"@type":"BreadcrumbList","@id":"https:\/\/www.andresolivares.es\/bandejas-personalizadas-malaga-borrar2-borrar\/#breadcrumb","itemListElement":[{"@type":"ListItem","position":1,"name":"Home","item":"https:\/\/www.andresolivares.es\/"},{"@type":"ListItem","position":2,"name":"Bandejas"}]},{"@type":"WebSite","@id":"https:\/\/www.andresolivares.es\/#website","url":"https:\/\/www.andresolivares.es\/","name":"Andr\u00e9s Olivares","description":"Trofeos, grabados y regalos de empresa en M\u00e1laga","publisher":{"@id":"https:\/\/www.andresolivares.es\/#organization"},"potentialAction":[{"@type":"SearchAction","target":{"@type":"EntryPoint","urlTemplate":"https:\/\/www.andresolivares.es\/?s={search_term_string}"},"query-input":"required name=search_term_string"}],"inLanguage":"pt-PT"},{"@type":"Organization","@id":"https:\/\/www.andresolivares.es\/#organization","name":"Trofeos, Grabados y Regalos de Empresa en M\u00e1laga","url":"https:\/\/www.andresolivares.es\/","logo":{"@type":"ImageObject","inLanguage":"pt-PT","@id":"https:\/\/www.andresolivares.es\/#\/schema\/logo\/image\/","url":"https:\/\/andresolivares.es\/wp-content\/uploads\/2021\/04\/logo-andres-olivares.png","contentUrl":"https:\/\/andresolivares.es\/wp-content\/uploads\/2021\/04\/logo-andres-olivares.png","width":164,"height":121,"caption":"Trofeos, Grabados y Regalos de Empresa en M\u00e1laga"},"image":{"@id":"https:\/\/www.andresolivares.es\/#\/schema\/logo\/image\/"},"sameAs":["https:\/\/www.facebook.com\/TROFEOSANDRESOLIVARES\/","https:\/\/www.instagram.com\/andresolivarestrofeos\/"]}]}},"_links":{"self":[{"href":"https:\/\/www.andresolivares.es\/pt-pt\/wp-json\/wp\/v2\/pages\/4968","targetHints":{"allow":["GET"]}}],"collection":[{"href":"https:\/\/www.andresolivares.es\/pt-pt\/wp-json\/wp\/v2\/pages"}],"about":[{"href":"https:\/\/www.andresolivares.es\/pt-pt\/wp-json\/wp\/v2\/types\/page"}],"author":[{"embeddable":true,"href":"https:\/\/www.andresolivares.es\/pt-pt\/wp-json\/wp\/v2\/users\/1"}],"replies":[{"embeddable":true,"href":"https:\/\/www.andresolivares.es\/pt-pt\/wp-json\/wp\/v2\/comments?post=4968"}],"version-history":[{"count":1,"href":"https:\/\/www.andresolivares.es\/pt-pt\/wp-json\/wp\/v2\/pages\/4968\/revisions"}],"predecessor-version":[{"id":6489,"href":"https:\/\/www.andresolivares.es\/pt-pt\/wp-json\/wp\/v2\/pages\/4968\/revisions\/6489"}],"wp:featuredmedia":[{"embeddable":true,"href":"https:\/\/www.andresolivares.es\/pt-pt\/wp-json\/wp\/v2\/media\/4563"}],"wp:attachment":[{"href":"https:\/\/www.andresolivares.es\/pt-pt\/wp-json\/wp\/v2\/media?parent=4968"}],"curies":[{"name":"wp","href":"https:\/\/api.w.org\/{rel}","templated":true}]}}